{"id":3182,"date":"2024-03-12T15:10:43","date_gmt":"2024-03-12T14:10:43","guid":{"rendered":"http:\/\/dockerrunner:8085\/?page_id=3182"},"modified":"2025-07-22T12:20:15","modified_gmt":"2025-07-22T10:20:15","slug":"blog-2","status":"publish","type":"page","link":"https:\/\/vrsolutions24.com\/en\/blog-2\/","title":{"rendered":"Blog &#8211; Mobilka"},"content":{"rendered":"<div data-elementor-type=\"wp-page\" data-elementor-id=\"3182\" class=\"elementor elementor-3182\">\n\t\t\t\t<div class=\"elementor-element elementor-element-6d1e147 e-con-full e-flex wpr-particle-no wpr-jarallax-no wpr-parallax-no wpr-sticky-section-no e-con e-parent\" data-id=\"6d1e147\" data-element_type=\"container\" data-settings=\"{&quot;background_background&quot;:&quot;video&quot;,&quot;background_video_link&quot;:&quot;https:\\\/\\\/vrsolutions24.com\\\/wp-content\\\/uploads\\\/2024\\\/03\\\/file.mp4&quot;}\">\n\t\t<div class=\"elementor-background-video-container elementor-hidden-mobile\">\n\t\t\t\t\t\t\t<video class=\"elementor-background-video-hosted\" autoplay muted playsinline loop><\/video>\n\t\t\t\t\t<\/div><div class=\"elementor-element elementor-element-47e05d8 e-con-full e-flex wpr-particle-no wpr-jarallax-no wpr-parallax-no wpr-sticky-section-no e-con e-child\" data-id=\"47e05d8\" data-element_type=\"container\" data-settings=\"{&quot;background_background&quot;:&quot;classic&quot;}\">\n\t\t\t\t<div class=\"elementor-element elementor-element-debbbd1 elementor-widget__width-initial premium-blog-align-left elementor-widget elementor-widget-premium-addon-blog\" data-id=\"debbbd1\" data-element_type=\"widget\" data-settings=\"{&quot;premium_blog_columns_number&quot;:&quot;100%&quot;,&quot;force_height&quot;:&quot;true&quot;,&quot;premium_blog_infinite_scroll&quot;:&quot;yes&quot;,&quot;premium_blog_grid&quot;:&quot;yes&quot;,&quot;premium_blog_layout&quot;:&quot;even&quot;,&quot;premium_blog_columns_number_tablet&quot;:&quot;50%&quot;,&quot;premium_blog_columns_number_mobile&quot;:&quot;100%&quot;}\" data-widget_type=\"premium-addon-blog.default\">\n\t\t\t\t<div class=\"elementor-widget-container\">\n\t\t\t\t\t\r\n\t\t\t\t<div class=\"premium-blog-wrap  premium-blog-even\" data-page=\"3182\">\r\n\t\t\t\t\t<div class=\"premium-blog-post-outer-container\" data-total=\"1\">\r\n\t\t\t<div class=\"premium-blog-post-container premium-blog-skin-side\">\r\n\t\t\t\t\t\t\t\t\t<div class=\"premium-blog-thumb-effect-wrapper\">\r\n\t\t\t\t\t\t<div class=\"premium-blog-thumbnail-container premium-blog-none-effect\">\r\n\t\t\t\t\t\t\t<img fetchpriority=\"high\" decoding=\"async\" width=\"394\" height=\"299\" src=\"https:\/\/vrsolutions24.com\/wp-content\/uploads\/2024\/03\/blog1.webp\" class=\"attachment-full size-full wp-image-1642\" alt=\"\" srcset=\"https:\/\/vrsolutions24.com\/wp-content\/uploads\/2024\/03\/blog1.webp 394w, https:\/\/vrsolutions24.com\/wp-content\/uploads\/2024\/03\/blog1-300x228.webp 300w, https:\/\/vrsolutions24.com\/wp-content\/uploads\/2024\/03\/blog1-16x12.webp 16w\" sizes=\"(max-width: 394px) 100vw, 394px\" \/>\t\t\t\t\t\t<\/div>\r\n\t\t\t\t\t\t\t\t\t\t\t\t\t<div class=\"premium-blog-thumbnail-overlay\">\r\n\t\t\t\t\t\t\t\t<a class=\"elementor-icon\" href=\"https:\/\/vrsolutions24.com\/en\/avatar-vr-czym-jest-i-jak-go-wykorzystywac\/\" target=\"_self\"><\/a>\r\n\t\t\t\t\t\t\t<\/div>\r\n\r\n\t\t\t\t\t\t\t\t\t\t\t\t\t\t\t\t\t\t<\/div>\r\n\t\t\t\t\t\t\t\t\t\t\t\t<div class=\"premium-blog-content-wrapper\">\r\n\r\n\t\t\t\t\t<div class=\"premium-blog-inner-container\">\r\n\r\n\t\t\t\t\t\t\t\t\t\t\t\t\t\t<h1 class=\"premium-blog-entry-title\">\r\n\t\t\t<a href=\"https:\/\/vrsolutions24.com\/en\/avatar-vr-czym-jest-i-jak-go-wykorzystywac\/\" target=\"_self\">\r\n\t\t\t\tAvatar VR czym jest i&nbsp;jak go wykorzystywa\u0107?\t\t\t<\/a>\r\n\t\t<\/h1>\r\n\t\t\t\t<div class=\"premium-blog-entry-meta\">\r\n\t\t\t\r\n\t\t\t\t\t\t\t<span class=\"premium-blog-meta-separator\">\u2022<\/span>\r\n\t\t\t\t<div class=\"premium-blog-post-time premium-blog-meta-data\">\r\n\t\t\t\t\t<i class=\"fa fa-calendar-alt\" aria-hidden=\"true\"><\/i>\r\n\t\t\t\t\t<span>05\/03\/2024<\/span>\r\n\t\t\t\t<\/div>\r\n\t\t\t\r\n\t\t\t\r\n\t\t\t\t\t\t\t<span class=\"premium-blog-meta-separator\">\u2022<\/span>\r\n\t\t\t\t<div class=\"premium-blog-post-comments premium-blog-meta-data\">\r\n\t\t\t\t\t<i class=\"fa fa-comments-o fa-fw\" aria-hidden=\"true\"><\/i>\r\n\t\t\t\t\t<a href=\"https:\/\/vrsolutions24.com\/en\/avatar-vr-czym-jest-i-jak-go-wykorzystywac\/#respond\">No Comments<\/a>\t\t\t\t<\/div>\r\n\t\t\t\t\t<\/div>\r\n\t\t\r\n\t\t\t\t\t<\/div>\r\n\r\n\t\t\t\t\t\t\t<div class=\"premium-blog-content-inner-wrapper\">\r\n\t\t<p class=\"premium-blog-post-content\">Wirtualna rzeczywisto\u015b\u0107 (VR) to nie tylko technologia rozrywkowa, ale&nbsp;tak\u017ce narz\u0119dzie, kt\u00f3re znajduje coraz szersze zastosowanie w...<\/p>\t\t<\/div>\r\n\t\t\t\t\t\t\t\r\n\t\t\t\t<\/div>\r\n\t\t\t<\/div>\r\n\t\t<\/div>\r\n\r\n\t\t\t\t<div class=\"premium-blog-post-outer-container\" data-total=\"1\">\r\n\t\t\t<div class=\"premium-blog-post-container premium-blog-skin-side\">\r\n\t\t\t\t\t\t\t\t\t<div class=\"premium-blog-thumb-effect-wrapper\">\r\n\t\t\t\t\t\t<div class=\"premium-blog-thumbnail-container premium-blog-none-effect\">\r\n\t\t\t\t\t\t\t<img decoding=\"async\" width=\"398\" height=\"299\" src=\"https:\/\/vrsolutions24.com\/wp-content\/uploads\/2024\/03\/blog2.webp\" class=\"attachment-full size-full wp-image-1725\" alt=\"\" srcset=\"https:\/\/vrsolutions24.com\/wp-content\/uploads\/2024\/03\/blog2.webp 398w, https:\/\/vrsolutions24.com\/wp-content\/uploads\/2024\/03\/blog2-300x225.webp 300w, https:\/\/vrsolutions24.com\/wp-content\/uploads\/2024\/03\/blog2-16x12.webp 16w\" sizes=\"(max-width: 398px) 100vw, 398px\" \/>\t\t\t\t\t\t<\/div>\r\n\t\t\t\t\t\t\t\t\t\t\t\t\t<div class=\"premium-blog-thumbnail-overlay\">\r\n\t\t\t\t\t\t\t\t<a class=\"elementor-icon\" href=\"https:\/\/vrsolutions24.com\/en\/wirtualna-rzeczywistosc-nowoczesne-narzedzie-w-metodologii-lean\/\" target=\"_self\"><\/a>\r\n\t\t\t\t\t\t\t<\/div>\r\n\r\n\t\t\t\t\t\t\t\t\t\t\t\t\t\t\t\t\t\t<\/div>\r\n\t\t\t\t\t\t\t\t\t\t\t\t<div class=\"premium-blog-content-wrapper\">\r\n\r\n\t\t\t\t\t<div class=\"premium-blog-inner-container\">\r\n\r\n\t\t\t\t\t\t\t\t\t\t\t\t\t\t<h1 class=\"premium-blog-entry-title\">\r\n\t\t\t<a href=\"https:\/\/vrsolutions24.com\/en\/wirtualna-rzeczywistosc-nowoczesne-narzedzie-w-metodologii-lean\/\" target=\"_self\">\r\n\t\t\t\tWirtualna rzeczywisto\u015b\u0107 &#8211; nowoczesne narz\u0119dzie w&nbsp;metodologii Lean\t\t\t<\/a>\r\n\t\t<\/h1>\r\n\t\t\t\t<div class=\"premium-blog-entry-meta\">\r\n\t\t\t\r\n\t\t\t\t\t\t\t<span class=\"premium-blog-meta-separator\">\u2022<\/span>\r\n\t\t\t\t<div class=\"premium-blog-post-time premium-blog-meta-data\">\r\n\t\t\t\t\t<i class=\"fa fa-calendar-alt\" aria-hidden=\"true\"><\/i>\r\n\t\t\t\t\t<span>06\/03\/2024<\/span>\r\n\t\t\t\t<\/div>\r\n\t\t\t\r\n\t\t\t\r\n\t\t\t\t\t\t\t<span class=\"premium-blog-meta-separator\">\u2022<\/span>\r\n\t\t\t\t<div class=\"premium-blog-post-comments premium-blog-meta-data\">\r\n\t\t\t\t\t<i class=\"fa fa-comments-o fa-fw\" aria-hidden=\"true\"><\/i>\r\n\t\t\t\t\t<a href=\"https:\/\/vrsolutions24.com\/en\/wirtualna-rzeczywistosc-nowoczesne-narzedzie-w-metodologii-lean\/#respond\">No Comments<\/a>\t\t\t\t<\/div>\r\n\t\t\t\t\t<\/div>\r\n\t\t\r\n\t\t\t\t\t<\/div>\r\n\r\n\t\t\t\t\t\t\t<div class=\"premium-blog-content-inner-wrapper\">\r\n\t\t<p class=\"premium-blog-post-content\">Wirtualna rzeczywisto\u015b\u0107 (VR) to technologia, kt\u00f3ra zyskuje coraz wi\u0119ksz\u0105 popularno\u015b\u0107 w&nbsp;biznesie. Firmy coraz cz\u0119\u015bciej wykorzystuj\u0105 j\u0105 w&nbsp;swoich procesach, aby&nbsp;zwi\u0119kszy\u0107 efektywno\u015b\u0107, ograniczy\u0107 koszty \u2026<\/p>\t\t<\/div>\r\n\t\t\t\t\t\t\t\r\n\t\t\t\t<\/div>\r\n\t\t\t<\/div>\r\n\t\t<\/div>\r\n\r\n\t\t\t\t<div class=\"premium-blog-post-outer-container\" data-total=\"1\">\r\n\t\t\t<div class=\"premium-blog-post-container premium-blog-skin-side\">\r\n\t\t\t\t\t\t\t\t\t<div class=\"premium-blog-thumb-effect-wrapper\">\r\n\t\t\t\t\t\t<div class=\"premium-blog-thumbnail-container premium-blog-none-effect\">\r\n\t\t\t\t\t\t\t<img decoding=\"async\" width=\"398\" height=\"299\" src=\"https:\/\/vrsolutions24.com\/wp-content\/uploads\/2024\/03\/blog3.webp\" class=\"attachment-full size-full wp-image-1729\" alt=\"\" srcset=\"https:\/\/vrsolutions24.com\/wp-content\/uploads\/2024\/03\/blog3.webp 398w, https:\/\/vrsolutions24.com\/wp-content\/uploads\/2024\/03\/blog3-300x225.webp 300w, https:\/\/vrsolutions24.com\/wp-content\/uploads\/2024\/03\/blog3-16x12.webp 16w\" sizes=\"(max-width: 398px) 100vw, 398px\" \/>\t\t\t\t\t\t<\/div>\r\n\t\t\t\t\t\t\t\t\t\t\t\t\t<div class=\"premium-blog-thumbnail-overlay\">\r\n\t\t\t\t\t\t\t\t<a class=\"elementor-icon\" href=\"https:\/\/vrsolutions24.com\/en\/technologia-vr-ar-czym-sa-i-co-je-wyroznia\/\" target=\"_self\"><\/a>\r\n\t\t\t\t\t\t\t<\/div>\r\n\r\n\t\t\t\t\t\t\t\t\t\t\t\t\t\t\t\t\t\t<\/div>\r\n\t\t\t\t\t\t\t\t\t\t\t\t<div class=\"premium-blog-content-wrapper\">\r\n\r\n\t\t\t\t\t<div class=\"premium-blog-inner-container\">\r\n\r\n\t\t\t\t\t\t\t\t\t\t\t\t\t\t<h1 class=\"premium-blog-entry-title\">\r\n\t\t\t<a href=\"https:\/\/vrsolutions24.com\/en\/technologia-vr-ar-czym-sa-i-co-je-wyroznia\/\" target=\"_self\">\r\n\t\t\t\tTechnologia VR \/ AR czym s\u0105 i&nbsp;co je wyr\u00f3\u017cnia?\t\t\t<\/a>\r\n\t\t<\/h1>\r\n\t\t\t\t<div class=\"premium-blog-entry-meta\">\r\n\t\t\t\r\n\t\t\t\t\t\t\t<span class=\"premium-blog-meta-separator\">\u2022<\/span>\r\n\t\t\t\t<div class=\"premium-blog-post-time premium-blog-meta-data\">\r\n\t\t\t\t\t<i class=\"fa fa-calendar-alt\" aria-hidden=\"true\"><\/i>\r\n\t\t\t\t\t<span>06\/03\/2024<\/span>\r\n\t\t\t\t<\/div>\r\n\t\t\t\r\n\t\t\t\r\n\t\t\t\t\t\t\t<span class=\"premium-blog-meta-separator\">\u2022<\/span>\r\n\t\t\t\t<div class=\"premium-blog-post-comments premium-blog-meta-data\">\r\n\t\t\t\t\t<i class=\"fa fa-comments-o fa-fw\" aria-hidden=\"true\"><\/i>\r\n\t\t\t\t\t<a href=\"https:\/\/vrsolutions24.com\/en\/technologia-vr-ar-czym-sa-i-co-je-wyroznia\/#respond\">No Comments<\/a>\t\t\t\t<\/div>\r\n\t\t\t\t\t<\/div>\r\n\t\t\r\n\t\t\t\t\t<\/div>\r\n\r\n\t\t\t\t\t\t\t<div class=\"premium-blog-content-inner-wrapper\">\r\n\t\t<p class=\"premium-blog-post-content\">Technologie rzeczywisto\u015bci wirtualnej (VR) i&nbsp;rzeczywisto\u015bci rozszerzonej (AR) sta\u0142y si\u0119 ostatnio bardzo popularne i&nbsp;znalaz\u0142y zastosowanie w&nbsp;wielu dziedzinach, od gier komputerowych po&nbsp;edukacj\u0119 i&nbsp;medycyn\u0119. Oba \u2026<\/p>\t\t<\/div>\r\n\t\t\t\t\t\t\t\r\n\t\t\t\t<\/div>\r\n\t\t\t<\/div>\r\n\t\t<\/div>\r\n\r\n\t\t\t\t<div class=\"premium-blog-post-outer-container\" data-total=\"1\">\r\n\t\t\t<div class=\"premium-blog-post-container premium-blog-skin-side\">\r\n\t\t\t\t\t\t\t\t\t<div class=\"premium-blog-thumb-effect-wrapper\">\r\n\t\t\t\t\t\t<div class=\"premium-blog-thumbnail-container premium-blog-none-effect\">\r\n\t\t\t\t\t\t\t<img loading=\"lazy\" decoding=\"async\" width=\"398\" height=\"299\" src=\"https:\/\/vrsolutions24.com\/wp-content\/uploads\/2024\/03\/blog4.webp\" class=\"attachment-full size-full wp-image-1726\" alt=\"\" srcset=\"https:\/\/vrsolutions24.com\/wp-content\/uploads\/2024\/03\/blog4.webp 398w, https:\/\/vrsolutions24.com\/wp-content\/uploads\/2024\/03\/blog4-300x225.webp 300w, https:\/\/vrsolutions24.com\/wp-content\/uploads\/2024\/03\/blog4-16x12.webp 16w\" sizes=\"(max-width: 398px) 100vw, 398px\" \/>\t\t\t\t\t\t<\/div>\r\n\t\t\t\t\t\t\t\t\t\t\t\t\t<div class=\"premium-blog-thumbnail-overlay\">\r\n\t\t\t\t\t\t\t\t<a class=\"elementor-icon\" href=\"https:\/\/vrsolutions24.com\/en\/jakie-sa-korzysci-szkolen-w-technologii-vr-ar\/\" target=\"_self\"><\/a>\r\n\t\t\t\t\t\t\t<\/div>\r\n\r\n\t\t\t\t\t\t\t\t\t\t\t\t\t\t\t\t\t\t<\/div>\r\n\t\t\t\t\t\t\t\t\t\t\t\t<div class=\"premium-blog-content-wrapper\">\r\n\r\n\t\t\t\t\t<div class=\"premium-blog-inner-container\">\r\n\r\n\t\t\t\t\t\t\t\t\t\t\t\t\t\t<h1 class=\"premium-blog-entry-title\">\r\n\t\t\t<a href=\"https:\/\/vrsolutions24.com\/en\/jakie-sa-korzysci-szkolen-w-technologii-vr-ar\/\" target=\"_self\">\r\n\t\t\t\tJakie s\u0105 korzy\u015bci szkole\u0144 w&nbsp;technologii VR \/ AR\t\t\t<\/a>\r\n\t\t<\/h1>\r\n\t\t\t\t<div class=\"premium-blog-entry-meta\">\r\n\t\t\t\r\n\t\t\t\t\t\t\t<span class=\"premium-blog-meta-separator\">\u2022<\/span>\r\n\t\t\t\t<div class=\"premium-blog-post-time premium-blog-meta-data\">\r\n\t\t\t\t\t<i class=\"fa fa-calendar-alt\" aria-hidden=\"true\"><\/i>\r\n\t\t\t\t\t<span>06\/03\/2024<\/span>\r\n\t\t\t\t<\/div>\r\n\t\t\t\r\n\t\t\t\r\n\t\t\t\t\t\t\t<span class=\"premium-blog-meta-separator\">\u2022<\/span>\r\n\t\t\t\t<div class=\"premium-blog-post-comments premium-blog-meta-data\">\r\n\t\t\t\t\t<i class=\"fa fa-comments-o fa-fw\" aria-hidden=\"true\"><\/i>\r\n\t\t\t\t\t<a href=\"https:\/\/vrsolutions24.com\/en\/jakie-sa-korzysci-szkolen-w-technologii-vr-ar\/#respond\">No Comments<\/a>\t\t\t\t<\/div>\r\n\t\t\t\t\t<\/div>\r\n\t\t\r\n\t\t\t\t\t<\/div>\r\n\r\n\t\t\t\t\t\t\t<div class=\"premium-blog-content-inner-wrapper\">\r\n\t\t<p class=\"premium-blog-post-content\">Technologia VR (Virtual Reality) i&nbsp;AR (Augmented Reality) to innowacyjne narz\u0119dzia, kt\u00f3re mog\u0105 przynie\u015b\u0107 rewolucj\u0119 w&nbsp;dziedzinie szkole\u0144. Wirtualne i&nbsp;rozszerzone \u015brodowiska oferuj\u0105 u\u017cytkownikom mo\u017cliwo\u015b\u0107 \u2026<\/p>\t\t<\/div>\r\n\t\t\t\t\t\t\t\r\n\t\t\t\t<\/div>\r\n\t\t\t<\/div>\r\n\t\t<\/div>\r\n\r\n\t\t\t\t<div class=\"premium-blog-post-outer-container\" data-total=\"1\">\r\n\t\t\t<div class=\"premium-blog-post-container premium-blog-skin-side\">\r\n\t\t\t\t\t\t\t\t\t<div class=\"premium-blog-thumb-effect-wrapper\">\r\n\t\t\t\t\t\t<div class=\"premium-blog-thumbnail-container premium-blog-none-effect\">\r\n\t\t\t\t\t\t\t<img loading=\"lazy\" decoding=\"async\" width=\"398\" height=\"299\" src=\"https:\/\/vrsolutions24.com\/wp-content\/uploads\/2024\/03\/blog5.webp\" class=\"attachment-full size-full wp-image-1727\" alt=\"\" srcset=\"https:\/\/vrsolutions24.com\/wp-content\/uploads\/2024\/03\/blog5.webp 398w, https:\/\/vrsolutions24.com\/wp-content\/uploads\/2024\/03\/blog5-300x225.webp 300w, https:\/\/vrsolutions24.com\/wp-content\/uploads\/2024\/03\/blog5-16x12.webp 16w\" sizes=\"(max-width: 398px) 100vw, 398px\" \/>\t\t\t\t\t\t<\/div>\r\n\t\t\t\t\t\t\t\t\t\t\t\t\t<div class=\"premium-blog-thumbnail-overlay\">\r\n\t\t\t\t\t\t\t\t<a class=\"elementor-icon\" href=\"https:\/\/vrsolutions24.com\/en\/grywalizacja-w-vr\/\" target=\"_self\"><\/a>\r\n\t\t\t\t\t\t\t<\/div>\r\n\r\n\t\t\t\t\t\t\t\t\t\t\t\t\t\t\t\t\t\t<\/div>\r\n\t\t\t\t\t\t\t\t\t\t\t\t<div class=\"premium-blog-content-wrapper\">\r\n\r\n\t\t\t\t\t<div class=\"premium-blog-inner-container\">\r\n\r\n\t\t\t\t\t\t\t\t\t\t\t\t\t\t<h1 class=\"premium-blog-entry-title\">\r\n\t\t\t<a href=\"https:\/\/vrsolutions24.com\/en\/grywalizacja-w-vr\/\" target=\"_self\">\r\n\t\t\t\tGrywalizacja w&nbsp;VR\t\t\t<\/a>\r\n\t\t<\/h1>\r\n\t\t\t\t<div class=\"premium-blog-entry-meta\">\r\n\t\t\t\r\n\t\t\t\t\t\t\t<span class=\"premium-blog-meta-separator\">\u2022<\/span>\r\n\t\t\t\t<div class=\"premium-blog-post-time premium-blog-meta-data\">\r\n\t\t\t\t\t<i class=\"fa fa-calendar-alt\" aria-hidden=\"true\"><\/i>\r\n\t\t\t\t\t<span>06\/03\/2024<\/span>\r\n\t\t\t\t<\/div>\r\n\t\t\t\r\n\t\t\t\r\n\t\t\t\t\t\t\t<span class=\"premium-blog-meta-separator\">\u2022<\/span>\r\n\t\t\t\t<div class=\"premium-blog-post-comments premium-blog-meta-data\">\r\n\t\t\t\t\t<i class=\"fa fa-comments-o fa-fw\" aria-hidden=\"true\"><\/i>\r\n\t\t\t\t\t<a href=\"https:\/\/vrsolutions24.com\/en\/grywalizacja-w-vr\/#respond\">No Comments<\/a>\t\t\t\t<\/div>\r\n\t\t\t\t\t<\/div>\r\n\t\t\r\n\t\t\t\t\t<\/div>\r\n\r\n\t\t\t\t\t\t\t<div class=\"premium-blog-content-inner-wrapper\">\r\n\t\t<p class=\"premium-blog-post-content\">Grywalizacja to jedno z&nbsp;najskuteczniejszych narz\u0119dzi, kt\u00f3re pozwalaj\u0105 na&nbsp;zwi\u0119kszenie zaanga\u017cowania u\u017cytkownik\u00f3w i&nbsp;popraw\u0119 wynik\u00f3w w&nbsp;r\u00f3\u017cnych dziedzinach. Wirtualna rzeczywisto\u015b\u0107 (VR) oferuje wiele mo\u017cliwo\u015bci wykorzystania grywalizacji \u2026<\/p>\t\t<\/div>\r\n\t\t\t\t\t\t\t\r\n\t\t\t\t<\/div>\r\n\t\t\t<\/div>\r\n\t\t<\/div>\r\n\r\n\t\t\t\t<div class=\"premium-blog-post-outer-container\" data-total=\"1\">\r\n\t\t\t<div class=\"premium-blog-post-container premium-blog-skin-side\">\r\n\t\t\t\t\t\t\t\t\t<div class=\"premium-blog-thumb-effect-wrapper\">\r\n\t\t\t\t\t\t<div class=\"premium-blog-thumbnail-container premium-blog-none-effect\">\r\n\t\t\t\t\t\t\t<img loading=\"lazy\" decoding=\"async\" width=\"398\" height=\"299\" src=\"https:\/\/vrsolutions24.com\/wp-content\/uploads\/2024\/03\/blog6.webp\" class=\"attachment-full size-full wp-image-1728\" alt=\"\" srcset=\"https:\/\/vrsolutions24.com\/wp-content\/uploads\/2024\/03\/blog6.webp 398w, https:\/\/vrsolutions24.com\/wp-content\/uploads\/2024\/03\/blog6-300x225.webp 300w, https:\/\/vrsolutions24.com\/wp-content\/uploads\/2024\/03\/blog6-16x12.webp 16w\" sizes=\"(max-width: 398px) 100vw, 398px\" \/>\t\t\t\t\t\t<\/div>\r\n\t\t\t\t\t\t\t\t\t\t\t\t\t<div class=\"premium-blog-thumbnail-overlay\">\r\n\t\t\t\t\t\t\t\t<a class=\"elementor-icon\" href=\"https:\/\/vrsolutions24.com\/en\/vr-solutions-twoje-marzenie-nasze-rozwiazanie\/\" target=\"_self\"><\/a>\r\n\t\t\t\t\t\t\t<\/div>\r\n\r\n\t\t\t\t\t\t\t\t\t\t\t\t\t\t\t\t\t\t<\/div>\r\n\t\t\t\t\t\t\t\t\t\t\t\t<div class=\"premium-blog-content-wrapper\">\r\n\r\n\t\t\t\t\t<div class=\"premium-blog-inner-container\">\r\n\r\n\t\t\t\t\t\t\t\t\t\t\t\t\t\t<h1 class=\"premium-blog-entry-title\">\r\n\t\t\t<a href=\"https:\/\/vrsolutions24.com\/en\/vr-solutions-twoje-marzenie-nasze-rozwiazanie\/\" target=\"_self\">\r\n\t\t\t\tVR Solutions &#8211; twoje marzenie, nasze rozwi\u0105zanie\t\t\t<\/a>\r\n\t\t<\/h1>\r\n\t\t\t\t<div class=\"premium-blog-entry-meta\">\r\n\t\t\t\r\n\t\t\t\t\t\t\t<span class=\"premium-blog-meta-separator\">\u2022<\/span>\r\n\t\t\t\t<div class=\"premium-blog-post-time premium-blog-meta-data\">\r\n\t\t\t\t\t<i class=\"fa fa-calendar-alt\" aria-hidden=\"true\"><\/i>\r\n\t\t\t\t\t<span>06\/03\/2024<\/span>\r\n\t\t\t\t<\/div>\r\n\t\t\t\r\n\t\t\t\r\n\t\t\t\t\t\t\t<span class=\"premium-blog-meta-separator\">\u2022<\/span>\r\n\t\t\t\t<div class=\"premium-blog-post-comments premium-blog-meta-data\">\r\n\t\t\t\t\t<i class=\"fa fa-comments-o fa-fw\" aria-hidden=\"true\"><\/i>\r\n\t\t\t\t\t<a href=\"https:\/\/vrsolutions24.com\/en\/vr-solutions-twoje-marzenie-nasze-rozwiazanie\/#respond\">No Comments<\/a>\t\t\t\t<\/div>\r\n\t\t\t\t\t<\/div>\r\n\t\t\r\n\t\t\t\t\t<\/div>\r\n\r\n\t\t\t\t\t\t\t<div class=\"premium-blog-content-inner-wrapper\">\r\n\t\t<p class=\"premium-blog-post-content\">VR to komputerowo wygenerowany wirtualny \u015bwiat. Aby&nbsp;wej\u015b\u0107 do&nbsp;tej rzeczywisto\u015bci potrzebujemy specjalnych gogli VR, np.&nbsp;Valve Index, Oculus Quest, kt\u00f3re wy\u015bwietlaj\u0105 nam tr\u00f3jwymiarowy obraz. \u2026<\/p>\t\t<\/div>\r\n\t\t\t\t\t\t\t\r\n\t\t\t\t<\/div>\r\n\t\t\t<\/div>\r\n\t\t<\/div>\r\n\r\n\t\t\t\t<\/div>\r\n\r\n\t\t\t\t\t\t<\/div>\n\t\t\t\t<\/div>\n\t\t\t\t<\/div>\n\t\t\t\t<\/div>\n\t\t\t\t<\/div>","protected":false},"excerpt":{"rendered":"<p>Avatar VR czym jest i&nbsp;jak go wykorzystywa\u0107? Avatar VR czym jest i&nbsp;jak go wykorzystywa\u0107? \u2022 2024-03-05 \u2022 2 Comments Wirtualna rzeczywisto\u015b\u0107 (VR) to nie tylko technologia rozrywkowa, ale&nbsp;tak\u017ce narz\u0119dzie, kt\u00f3re znajduje coraz szersze zastosowanie w&#8230; Wirtualna rzeczywisto\u015b\u0107 &#8211; nowoczesne narz\u0119dzie w&nbsp;metodologii Lean Wirtualna rzeczywisto\u015b\u0107 &#8211; nowoczesne narz\u0119dzie w&nbsp;metodologii Lean \u2022 2024-03-06 \u2022 No Comments Wirtualna rzeczywisto\u015b\u0107 (VR) to technologia, kt\u00f3ra zyskuje coraz wi\u0119ksz\u0105 popularno\u015b\u0107 w&nbsp;biznesie. Firmy coraz cz\u0119\u015bciej wykorzystuj\u0105 j\u0105 w&nbsp;swoich procesach, aby&nbsp;zwi\u0119kszy\u0107 \u2026 Technologia VR \/ AR czym s\u0105 i&nbsp;co je wyr\u00f3\u017cnia? Technologia VR \/ AR czym s\u0105 i&nbsp;co je wyr\u00f3\u017cnia? \u2022 2024-03-06 \u2022 No Comments Technologie rzeczywisto\u015bci wirtualnej (VR) i&nbsp;rzeczywisto\u015bci rozszerzonej (AR) sta\u0142y si\u0119 ostatnio bardzo popularne i&nbsp;znalaz\u0142y zastosowanie w&nbsp;wielu dziedzinach, od gier komputerowych \u2026 Jakie s\u0105 korzy\u015bci szkole\u0144 w&nbsp;technologii VR \/ AR Jakie s\u0105 korzy\u015bci szkole\u0144 w&nbsp;technologii VR \/ AR \u2022 2024-03-06 \u2022 No Comments Technologia VR (Virtual Reality) i&nbsp;AR (Augmented Reality) to innowacyjne narz\u0119dzia, kt\u00f3re mog\u0105 przynie\u015b\u0107 rewolucj\u0119 w&nbsp;dziedzinie szkole\u0144. Wirtualne i&nbsp;rozszerzone \u015brodowiska \u2026 Grywalizacja w&nbsp;VR Grywalizacja w&nbsp;VR \u2022 2024-03-06 \u2022 No Comments Grywalizacja to jedno z&nbsp;najskuteczniejszych narz\u0119dzi, kt\u00f3re pozwalaj\u0105 na&nbsp;zwi\u0119kszenie zaanga\u017cowania u\u017cytkownik\u00f3w i&nbsp;popraw\u0119 wynik\u00f3w w&nbsp;r\u00f3\u017cnych dziedzinach. Wirtualna rzeczywisto\u015b\u0107 (VR) oferuje \u2026 VR Solutions &#8211; twoje marzenie, nasze rozwi\u0105zanie VR Solutions &#8211; twoje marzenie, nasze rozwi\u0105zanie \u2022 2024-03-06 \u2022 No Comments VR to komputerowo wygenerowany wirtualny \u015bwiat. Aby&nbsp;wej\u015b\u0107 do&nbsp;tej rzeczywisto\u015bci potrzebujemy specjalnych gogli VR, np.&nbsp;Valve Index, Oculus Quest, kt\u00f3re wy\u015bwietlaj\u0105 \u2026<\/p>","protected":false},"author":1,"featured_media":0,"parent":0,"menu_order":0,"comment_status":"closed","ping_status":"closed","template":"","meta":{"footnotes":""},"class_list":["post-3182","page","type-page","status-publish","hentry"],"_links":{"self":[{"href":"https:\/\/vrsolutions24.com\/en\/wp-json\/wp\/v2\/pages\/3182","targetHints":{"allow":["GET"]}}],"collection":[{"href":"https:\/\/vrsolutions24.com\/en\/wp-json\/wp\/v2\/pages"}],"about":[{"href":"https:\/\/vrsolutions24.com\/en\/wp-json\/wp\/v2\/types\/page"}],"author":[{"embeddable":true,"href":"https:\/\/vrsolutions24.com\/en\/wp-json\/wp\/v2\/users\/1"}],"replies":[{"embeddable":true,"href":"https:\/\/vrsolutions24.com\/en\/wp-json\/wp\/v2\/comments?post=3182"}],"version-history":[{"count":0,"href":"https:\/\/vrsolutions24.com\/en\/wp-json\/wp\/v2\/pages\/3182\/revisions"}],"wp:attachment":[{"href":"https:\/\/vrsolutions24.com\/en\/wp-json\/wp\/v2\/media?parent=3182"}],"curies":[{"name":"wp","href":"https:\/\/api.w.org\/{rel}","templated":true}]}}